{"id":148,"date":"2025-05-22T09:15:33","date_gmt":"2025-05-22T07:15:33","guid":{"rendered":"https:\/\/simats.cat\/servicios\/"},"modified":"2025-11-06T13:22:17","modified_gmt":"2025-11-06T11:22:17","slug":"servicios","status":"publish","type":"page","link":"http:\/\/simats.cat\/es\/servicios\/","title":{"rendered":"Servicios"},"content":{"rendered":"\n<div class=\"wp-block-uagb-container uagb-block-307270f9 alignfull uagb-is-root-container\"><div class=\"uagb-container-inner-blocks-wrap\">\n<div class=\"wp-block-uagb-advanced-heading uagb-block-9edc06b4\"><h1 class=\"uagb-heading-text\">M\u00e1s que huevos,<br\/> una forma<br\/> de hacer<\/h1><\/div>\n<\/div><\/div>\n\n<div class=\"wp-block-uagb-container uagb-block-763de198 alignfull uagb-is-root-container\"><div class=\"uagb-container-inner-blocks-wrap\">\n<div class=\"wp-block-columns is-layout-flex wp-container-core-columns-is-layout-98b62f28 wp-block-columns-is-layout-flex\" style=\"padding-top:var(--wp--preset--spacing--80);padding-right:0;padding-bottom:var(--wp--preset--spacing--80);padding-left:0\">\n<div class=\"wp-block-column is-layout-flow wp-block-column-is-layout-flow\">\n<h2 class=\"wp-block-heading has-text-align-left\" style=\"font-size:37px\">Huevos ecol\u00f3gicos,<br\/> del bosque a la mesa<\/h2>\n\n\n\n<p class=\"has-text-align-left\"><\/p>\n\n\n\n<div class=\"wp-block-buttons is-layout-flex wp-block-buttons-is-layout-flex\" style=\"margin-top:var(--wp--preset--spacing--80)\">\n<div class=\"wp-block-button is-style-fill\"><a class=\"wp-block-button__link has-ast-global-color-6-color has-text-color has-background has-link-color wp-element-button\" style=\"border-top-style:none;border-top-width:0px;border-right-style:none;border-right-width:0px;border-bottom-color:var(--wp--preset--color--black);border-bottom-width:2px;border-left-style:none;border-left-width:0px;background-color:#ffffff00;padding-top:var(--wp--preset--spacing--30);padding-right:var(--wp--preset--spacing--20);padding-bottom:var(--wp--preset--spacing--30);padding-left:var(--wp--preset--spacing--20);font-style:normal;font-weight:700\">QUIENES SOMOS<\/a><\/div>\n<\/div>\n<\/div>\n\n\n\n<div class=\"wp-block-column is-layout-flow wp-block-column-is-layout-flow\">\n<p class=\"has-black-color has-text-color\">En Simats criamos gallinas en libertad, en el coraz\u00f3n del bosque de Berg\u00fas, entre Solsona y Cardona. Gallinas felices, alimentadas con pienso ecol\u00f3gico y todo lo que encuentran pastando por su h\u00e1bitat natural: hierba, insectos y restos frescos del mercado. De esta forma cerramos el c\u00edrculo y respetamos el ritmo de la naturaleza.<br\/><br\/>Nuestro principal servicio es el huevo ecol\u00f3gico, producido, recogido, marcado y envasado a mano, en la propia granja. Vendemos directamente a los mercados semanales ya establecimientos comprometidos con el producto local y sostenible.<\/p>\n<\/div>\n<\/div>\n<\/div><\/div>\n\n<div class=\"wp-block-uagb-container uagb-block-f3631688 alignfull uagb-is-root-container\">\n<div class=\"wp-block-uagb-advanced-heading uagb-block-e97f2947\"><h1 class=\"uagb-heading-text\">D\u00f3nde encontrarnos<\/h1><\/div>\n\n\n\n<div class=\"wp-block-columns is-layout-flex wp-container-core-columns-is-layout-28f84493 wp-block-columns-is-layout-flex\">\n<div class=\"wp-block-column uag-hide-tab uag-hide-mob is-layout-flow wp-block-column-is-layout-flow\" style=\"flex-basis:25%\"><\/div>\n\n\n\n<div class=\"wp-block-column is-layout-flow wp-block-column-is-layout-flow\" style=\"flex-basis:50%\">\n<p class=\"has-text-align-center has-ast-global-color-4-color has-text-color\" style=\"padding-top:var(--wp--preset--spacing--60);padding-bottom:var(--wp--preset--spacing--60)\"><strong>VIERNES<\/strong><br\/> Mercado de Solsona<br\/> (plaza Mayor)<br\/><br\/> <strong>S\u00c1BADO<\/strong><br\/> Mercado de Nav\u00e0s<br\/> (paseo Ramon Vall)<br\/><br\/><br\/> <strong>Tambi\u00e9n puedes encontrarnos en:<\/strong><br\/> Hace falta Pepitu (Cardona)<br\/> Biokor (Solsona)<br\/> Huerto de Ca la Cistellera (Juneda-Lleida-Les borges blancas)<\/p>\n<\/div>\n\n\n\n<div class=\"wp-block-column uag-hide-tab uag-hide-mob is-layout-flow wp-block-column-is-layout-flow\" style=\"flex-basis:25%\"><\/div>\n<\/div>\n<\/div>\n","protected":false},"excerpt":{"rendered":"<p>M\u00e1s que huevos, una forma de hacer Huevos ecol\u00f3gicos, del bosque a la mesa En Simats criamos gallinas en libertad, [&hellip;]<\/p>\n","protected":false},"author":1,"featured_media":0,"parent":0,"menu_order":3,"comment_status":"closed","ping_status":"closed","template":"","meta":{"_uag_custom_page_level_css":"","site-sidebar-layout":"default","site-content-layout":"","ast-site-content-layout":"","site-content-style":"default","site-sidebar-style":"default","ast-global-header-display":"","ast-banner-title-visibility":"","ast-main-header-display":"","ast-hfb-above-header-display":"","ast-hfb-below-header-display":"","ast-hfb-mobile-header-display":"","site-post-title":"","ast-breadcrumbs-content":"","ast-featured-img":"","footer-sml-layout":"","theme-transparent-header-meta":"","adv-header-id-meta":"","stick-header-meta":"","header-above-stick-meta":"","header-main-stick-meta":"","header-below-stick-meta":"","astra-migrate-meta-layouts":"default","ast-page-background-enabled":"default","ast-page-background-meta":{"desktop":{"background-color":"var(--ast-global-color-5)","background-image":"","background-repeat":"repeat","background-position":"center center","background-size":"auto","background-attachment":"scroll","background-type":"","background-media":"","overlay-type":"","overlay-color":"","overlay-opacity":"","overlay-gradient":""},"tablet":{"background-color":"","background-image":"","background-repeat":"repeat","background-position":"center center","background-size":"auto","background-attachment":"scroll","background-type":"","background-media":"","overlay-type":"","overlay-color":"","overlay-opacity":"","overlay-gradient":""},"mobile":{"background-color":"","background-image":"","background-repeat":"repeat","background-position":"center center","background-size":"auto","background-attachment":"scroll","background-type":"","background-media":"","overlay-type":"","overlay-color":"","overlay-opacity":"","overlay-gradient":""}},"ast-content-background-meta":{"desktop":{"background-color":"var(--ast-global-color-4)","background-image":"","background-repeat":"repeat","background-position":"center center","background-size":"auto","background-attachment":"scroll","background-type":"","background-media":"","overlay-type":"","overlay-color":"","overlay-opacity":"","overlay-gradient":""},"tablet":{"background-color":"var(--ast-global-color-4)","background-image":"","background-repeat":"repeat","background-position":"center center","background-size":"auto","background-attachment":"scroll","background-type":"","background-media":"","overlay-type":"","overlay-color":"","overlay-opacity":"","overlay-gradient":""},"mobile":{"background-color":"var(--ast-global-color-4)","background-image":"","background-repeat":"repeat","background-position":"center center","background-size":"auto","background-attachment":"scroll","background-type":"","background-media":"","overlay-type":"","overlay-color":"","overlay-opacity":"","overlay-gradient":""}},"footnotes":""},"class_list":["post-148","page","type-page","status-publish","hentry"],"yoast_head":"<!-- This site is optimized with the Yoast SEO plugin v25.2 - https:\/\/yoast.com\/wordpress\/plugins\/seo\/ -->\n<title>Servicios - Simats<\/title>\n<meta name=\"robots\" content=\"index, follow, max-snippet:-1, max-image-preview:large, max-video-preview:-1\" \/>\n<link rel=\"canonical\" href=\"http:\/\/simats.cat\/es\/servicios\/\" \/>\n<meta property=\"og:locale\" content=\"es_ES\" \/>\n<meta property=\"og:type\" content=\"article\" \/>\n<meta property=\"og:title\" content=\"Servicios - Simats\" \/>\n<meta property=\"og:description\" content=\"M\u00e1s que huevos, una forma de hacer Huevos ecol\u00f3gicos, del bosque a la mesa En Simats criamos gallinas en libertad, [&hellip;]\" \/>\n<meta property=\"og:url\" content=\"http:\/\/simats.cat\/es\/servicios\/\" \/>\n<meta property=\"og:site_name\" content=\"Simats\" \/>\n<meta property=\"article:modified_time\" content=\"2025-11-06T11:22:17+00:00\" \/>\n<meta name=\"twitter:card\" content=\"summary_large_image\" \/>\n<meta name=\"twitter:label1\" content=\"Tiempo de lectura\" \/>\n\t<meta name=\"twitter:data1\" content=\"1 minuto\" \/>\n<script type=\"application\/ld+json\" class=\"yoast-schema-graph\">{\"@context\":\"https:\/\/schema.org\",\"@graph\":[{\"@type\":\"WebPage\",\"@id\":\"http:\/\/simats.cat\/es\/servicios\/\",\"url\":\"http:\/\/simats.cat\/es\/servicios\/\",\"name\":\"Servicios - Simats\",\"isPartOf\":{\"@id\":\"http:\/\/simats.cat\/es\/#website\"},\"datePublished\":\"2025-05-22T07:15:33+00:00\",\"dateModified\":\"2025-11-06T11:22:17+00:00\",\"breadcrumb\":{\"@id\":\"http:\/\/simats.cat\/es\/servicios\/#breadcrumb\"},\"inLanguage\":\"es\",\"potentialAction\":[{\"@type\":\"ReadAction\",\"target\":[\"http:\/\/simats.cat\/es\/servicios\/\"]}]},{\"@type\":\"BreadcrumbList\",\"@id\":\"http:\/\/simats.cat\/es\/servicios\/#breadcrumb\",\"itemListElement\":[{\"@type\":\"ListItem\",\"position\":1,\"name\":\"Inici\",\"item\":\"http:\/\/simats.cat\/es\/\"},{\"@type\":\"ListItem\",\"position\":2,\"name\":\"Servicios\"}]},{\"@type\":\"WebSite\",\"@id\":\"http:\/\/simats.cat\/es\/#website\",\"url\":\"http:\/\/simats.cat\/es\/\",\"name\":\"Simats\",\"description\":\"\",\"publisher\":{\"@id\":\"http:\/\/simats.cat\/es\/#organization\"},\"potentialAction\":[{\"@type\":\"SearchAction\",\"target\":{\"@type\":\"EntryPoint\",\"urlTemplate\":\"http:\/\/simats.cat\/es\/?s={search_term_string}\"},\"query-input\":{\"@type\":\"PropertyValueSpecification\",\"valueRequired\":true,\"valueName\":\"search_term_string\"}}],\"inLanguage\":\"es\"},{\"@type\":\"Organization\",\"@id\":\"http:\/\/simats.cat\/es\/#organization\",\"name\":\"Simats\",\"url\":\"http:\/\/simats.cat\/es\/\",\"logo\":{\"@type\":\"ImageObject\",\"inLanguage\":\"es\",\"@id\":\"http:\/\/simats.cat\/es\/#\/schema\/logo\/image\/\",\"url\":\"http:\/\/simats.cat\/wp-content\/uploads\/2025\/05\/capa-1.png\",\"contentUrl\":\"http:\/\/simats.cat\/wp-content\/uploads\/2025\/05\/capa-1.png\",\"width\":200,\"height\":208,\"caption\":\"Simats\"},\"image\":{\"@id\":\"http:\/\/simats.cat\/es\/#\/schema\/logo\/image\/\"}}]}<\/script>\n<!-- \/ Yoast SEO plugin. -->","yoast_head_json":{"title":"Servicios - Simats","robots":{"index":"index","follow":"follow","max-snippet":"max-snippet:-1","max-image-preview":"max-image-preview:large","max-video-preview":"max-video-preview:-1"},"canonical":"http:\/\/simats.cat\/es\/servicios\/","og_locale":"es_ES","og_type":"article","og_title":"Servicios - Simats","og_description":"M\u00e1s que huevos, una forma de hacer Huevos ecol\u00f3gicos, del bosque a la mesa En Simats criamos gallinas en libertad, [&hellip;]","og_url":"http:\/\/simats.cat\/es\/servicios\/","og_site_name":"Simats","article_modified_time":"2025-11-06T11:22:17+00:00","twitter_card":"summary_large_image","twitter_misc":{"Tiempo de lectura":"1 minuto"},"schema":{"@context":"https:\/\/schema.org","@graph":[{"@type":"WebPage","@id":"http:\/\/simats.cat\/es\/servicios\/","url":"http:\/\/simats.cat\/es\/servicios\/","name":"Servicios - Simats","isPartOf":{"@id":"http:\/\/simats.cat\/es\/#website"},"datePublished":"2025-05-22T07:15:33+00:00","dateModified":"2025-11-06T11:22:17+00:00","breadcrumb":{"@id":"http:\/\/simats.cat\/es\/servicios\/#breadcrumb"},"inLanguage":"es","potentialAction":[{"@type":"ReadAction","target":["http:\/\/simats.cat\/es\/servicios\/"]}]},{"@type":"BreadcrumbList","@id":"http:\/\/simats.cat\/es\/servicios\/#breadcrumb","itemListElement":[{"@type":"ListItem","position":1,"name":"Inici","item":"http:\/\/simats.cat\/es\/"},{"@type":"ListItem","position":2,"name":"Servicios"}]},{"@type":"WebSite","@id":"http:\/\/simats.cat\/es\/#website","url":"http:\/\/simats.cat\/es\/","name":"Simats","description":"","publisher":{"@id":"http:\/\/simats.cat\/es\/#organization"},"potentialAction":[{"@type":"SearchAction","target":{"@type":"EntryPoint","urlTemplate":"http:\/\/simats.cat\/es\/?s={search_term_string}"},"query-input":{"@type":"PropertyValueSpecification","valueRequired":true,"valueName":"search_term_string"}}],"inLanguage":"es"},{"@type":"Organization","@id":"http:\/\/simats.cat\/es\/#organization","name":"Simats","url":"http:\/\/simats.cat\/es\/","logo":{"@type":"ImageObject","inLanguage":"es","@id":"http:\/\/simats.cat\/es\/#\/schema\/logo\/image\/","url":"http:\/\/simats.cat\/wp-content\/uploads\/2025\/05\/capa-1.png","contentUrl":"http:\/\/simats.cat\/wp-content\/uploads\/2025\/05\/capa-1.png","width":200,"height":208,"caption":"Simats"},"image":{"@id":"http:\/\/simats.cat\/es\/#\/schema\/logo\/image\/"}}]}},"uagb_featured_image_src":{"full":false,"thumbnail":false,"medium":false,"medium_large":false,"large":false,"1536x1536":false,"2048x2048":false},"uagb_author_info":{"display_name":"nordkat_admin","author_link":"http:\/\/simats.cat\/es\/author\/nordkat_admin\/"},"uagb_comment_info":0,"uagb_excerpt":"M\u00e1s que huevos, una forma de hacer Huevos ecol\u00f3gicos, del bosque a la mesa En Simats criamos gallinas en libertad, [&hellip;]","_links":{"self":[{"href":"http:\/\/simats.cat\/es\/wp-json\/wp\/v2\/pages\/148","targetHints":{"allow":["GET"]}}],"collection":[{"href":"http:\/\/simats.cat\/es\/wp-json\/wp\/v2\/pages"}],"about":[{"href":"http:\/\/simats.cat\/es\/wp-json\/wp\/v2\/types\/page"}],"author":[{"embeddable":true,"href":"http:\/\/simats.cat\/es\/wp-json\/wp\/v2\/users\/1"}],"replies":[{"embeddable":true,"href":"http:\/\/simats.cat\/es\/wp-json\/wp\/v2\/comments?post=148"}],"version-history":[{"count":3,"href":"http:\/\/simats.cat\/es\/wp-json\/wp\/v2\/pages\/148\/revisions"}],"predecessor-version":[{"id":271,"href":"http:\/\/simats.cat\/es\/wp-json\/wp\/v2\/pages\/148\/revisions\/271"}],"wp:attachment":[{"href":"http:\/\/simats.cat\/es\/wp-json\/wp\/v2\/media?parent=148"}],"curies":[{"name":"wp","href":"https:\/\/api.w.org\/{rel}","templated":true}]}}