{"id":150,"date":"2025-05-22T09:20:58","date_gmt":"2025-05-22T07:20:58","guid":{"rendered":"https:\/\/simats.cat\/cookies\/"},"modified":"2025-05-30T09:51:27","modified_gmt":"2025-05-30T07:51:27","slug":"cookies","status":"publish","type":"page","link":"http:\/\/simats.cat\/es\/cookies\/","title":{"rendered":"Cookies"},"content":{"rendered":"\n<div style=\"height:100px\" aria-hidden=\"true\" class=\"wp-block-spacer\"><\/div>\n\n<div class=\"wp-block-uagb-advanced-heading uagb-block-5390035c\"><h2 class=\"uagb-heading-text\">Pol\u00edtica de cookies<\/h2><\/div>\n\n<p><br\/><strong>\u00bfQu\u00e9 son las cookies?<\/strong><br\/>Las cookies son peque\u00f1os archivos de datos que se descargan en el dispositivo del usuario cuando visita un sitio web. Sirven para almacenar informaci\u00f3n t\u00e9cnica, preferencias de navegaci\u00f3n, personalizaci\u00f3n de contenido y estad\u00edsticas.<br\/><br\/><strong>Tipo de cookies utilizadas en simats.cat<\/strong><br\/> Este sitio web puede utilizar cookies propias y de terceros, con las siguientes finalidades:<br\/><br\/>&#8211; Cookies t\u00e9cnicas: necesarias para el correcto funcionamiento del sitio web.<br\/>&#8211; Cookies de an\u00e1lisis: permiten analizar el comportamiento de los usuarios y mejorar la experiencia de navegaci\u00f3n. Por ejemplo: Google Analytics.<br\/><br\/><strong>Gesti\u00f3n de cookies<\/strong><br\/> El usuario puede configurar su navegador para aceptar, bloquear o eliminar las cookies instaladas. A continuaci\u00f3n, te proporcionamos enlaces a la configuraci\u00f3n de cookies de los principales navegadores:<br\/><br\/>&#8211; Chrome: https:\/\/support.google.com\/chrome\/answer\/95647?hl=es<br\/> &#8211; Firefox: https:\/\/support.mozilla.org\/es\/kb\/activacio-i-desactivacio-de-les-cookies<br\/> &#8211; Safari: https:\/\/support.apple.com\/ca-es\/guide\/safari\/sfri11471\/mac<br\/><br\/><strong>Aceptaci\u00f3n de la pol\u00edtica de cookies<\/strong><br\/> Al acceder al sitio web simats.cat, el usuario acepta el uso de cookies en las condiciones establecidas. En caso de no estar de acuerdo, puede desactivar o configurar el uso de cookies en su navegador.<br\/><br\/><strong>Actualizaciones<\/strong><br\/> Esta pol\u00edtica de cookies puede modificarse para adaptarse a novedades legislativas o t\u00e9cnicas. Se recomienda revisarla peri\u00f3dicamente.<\/p>\n\n<div style=\"height:100px\" aria-hidden=\"true\" class=\"wp-block-spacer\"><\/div>\n\n<hr class=\"wp-block-separator has-alpha-channel-opacity\"\/>\n\n<p><br\/><\/p>\n","protected":false},"excerpt":{"rendered":"<p>Pol\u00edtica de cookies \u00bfQu\u00e9 son las cookies?Las cookies son peque\u00f1os archivos de datos que se descargan en el dispositivo del [&hellip;]<\/p>\n","protected":false},"author":1,"featured_media":0,"parent":0,"menu_order":5,"comment_status":"closed","ping_status":"closed","template":"","meta":{"_uag_custom_page_level_css":"","site-sidebar-layout":"default","site-content-layout":"","ast-site-content-layout":"","site-content-style":"default","site-sidebar-style":"default","ast-global-header-display":"","ast-banner-title-visibility":"","ast-main-header-display":"","ast-hfb-above-header-display":"","ast-hfb-below-header-display":"","ast-hfb-mobile-header-display":"","site-post-title":"","ast-breadcrumbs-content":"","ast-featured-img":"","footer-sml-layout":"","theme-transparent-header-meta":"","adv-header-id-meta":"","stick-header-meta":"","header-above-stick-meta":"","header-main-stick-meta":"","header-below-stick-meta":"","astra-migrate-meta-layouts":"default","ast-page-background-enabled":"default","ast-page-background-meta":{"desktop":{"background-color":"var(--ast-global-color-5)","background-image":"","background-repeat":"repeat","background-position":"center center","background-size":"auto","background-attachment":"scroll","background-type":"","background-media":"","overlay-type":"","overlay-color":"","overlay-opacity":"","overlay-gradient":""},"tablet":{"background-color":"","background-image":"","background-repeat":"repeat","background-position":"center center","background-size":"auto","background-attachment":"scroll","background-type":"","background-media":"","overlay-type":"","overlay-color":"","overlay-opacity":"","overlay-gradient":""},"mobile":{"background-color":"","background-image":"","background-repeat":"repeat","background-position":"center center","background-size":"auto","background-attachment":"scroll","background-type":"","background-media":"","overlay-type":"","overlay-color":"","overlay-opacity":"","overlay-gradient":""}},"ast-content-background-meta":{"desktop":{"background-color":"var(--ast-global-color-4)","background-image":"","background-repeat":"repeat","background-position":"center center","background-size":"auto","background-attachment":"scroll","background-type":"","background-media":"","overlay-type":"","overlay-color":"","overlay-opacity":"","overlay-gradient":""},"tablet":{"background-color":"var(--ast-global-color-4)","background-image":"","background-repeat":"repeat","background-position":"center center","background-size":"auto","background-attachment":"scroll","background-type":"","background-media":"","overlay-type":"","overlay-color":"","overlay-opacity":"","overlay-gradient":""},"mobile":{"background-color":"var(--ast-global-color-4)","background-image":"","background-repeat":"repeat","background-position":"center center","background-size":"auto","background-attachment":"scroll","background-type":"","background-media":"","overlay-type":"","overlay-color":"","overlay-opacity":"","overlay-gradient":""}},"footnotes":""},"class_list":["post-150","page","type-page","status-publish","hentry"],"yoast_head":"<!-- This site is optimized with the Yoast SEO plugin v25.2 - https:\/\/yoast.com\/wordpress\/plugins\/seo\/ -->\n<title>Cookies - Simats<\/title>\n<meta name=\"robots\" content=\"index, follow, max-snippet:-1, max-image-preview:large, max-video-preview:-1\" \/>\n<link rel=\"canonical\" href=\"http:\/\/simats.cat\/es\/cookies\/\" \/>\n<meta property=\"og:locale\" content=\"es_ES\" \/>\n<meta property=\"og:type\" content=\"article\" \/>\n<meta property=\"og:title\" content=\"Cookies - Simats\" \/>\n<meta property=\"og:description\" content=\"Pol\u00edtica de cookies \u00bfQu\u00e9 son las cookies?Las cookies son peque\u00f1os archivos de datos que se descargan en el dispositivo del [&hellip;]\" \/>\n<meta property=\"og:url\" content=\"http:\/\/simats.cat\/es\/cookies\/\" \/>\n<meta property=\"og:site_name\" content=\"Simats\" \/>\n<meta property=\"article:modified_time\" content=\"2025-05-30T07:51:27+00:00\" \/>\n<meta name=\"twitter:card\" content=\"summary_large_image\" \/>\n<meta name=\"twitter:label1\" content=\"Tiempo de lectura\" \/>\n\t<meta name=\"twitter:data1\" content=\"1 minuto\" \/>\n<script type=\"application\/ld+json\" class=\"yoast-schema-graph\">{\"@context\":\"https:\/\/schema.org\",\"@graph\":[{\"@type\":\"WebPage\",\"@id\":\"http:\/\/simats.cat\/es\/cookies\/\",\"url\":\"http:\/\/simats.cat\/es\/cookies\/\",\"name\":\"Cookies - Simats\",\"isPartOf\":{\"@id\":\"http:\/\/simats.cat\/es\/#website\"},\"datePublished\":\"2025-05-22T07:20:58+00:00\",\"dateModified\":\"2025-05-30T07:51:27+00:00\",\"breadcrumb\":{\"@id\":\"http:\/\/simats.cat\/es\/cookies\/#breadcrumb\"},\"inLanguage\":\"es\",\"potentialAction\":[{\"@type\":\"ReadAction\",\"target\":[\"http:\/\/simats.cat\/es\/cookies\/\"]}]},{\"@type\":\"BreadcrumbList\",\"@id\":\"http:\/\/simats.cat\/es\/cookies\/#breadcrumb\",\"itemListElement\":[{\"@type\":\"ListItem\",\"position\":1,\"name\":\"Inici\",\"item\":\"http:\/\/simats.cat\/es\/\"},{\"@type\":\"ListItem\",\"position\":2,\"name\":\"Cookies\"}]},{\"@type\":\"WebSite\",\"@id\":\"http:\/\/simats.cat\/es\/#website\",\"url\":\"http:\/\/simats.cat\/es\/\",\"name\":\"Simats\",\"description\":\"\",\"publisher\":{\"@id\":\"http:\/\/simats.cat\/es\/#organization\"},\"potentialAction\":[{\"@type\":\"SearchAction\",\"target\":{\"@type\":\"EntryPoint\",\"urlTemplate\":\"http:\/\/simats.cat\/es\/?s={search_term_string}\"},\"query-input\":{\"@type\":\"PropertyValueSpecification\",\"valueRequired\":true,\"valueName\":\"search_term_string\"}}],\"inLanguage\":\"es\"},{\"@type\":\"Organization\",\"@id\":\"http:\/\/simats.cat\/es\/#organization\",\"name\":\"Simats\",\"url\":\"http:\/\/simats.cat\/es\/\",\"logo\":{\"@type\":\"ImageObject\",\"inLanguage\":\"es\",\"@id\":\"http:\/\/simats.cat\/es\/#\/schema\/logo\/image\/\",\"url\":\"http:\/\/simats.cat\/wp-content\/uploads\/2025\/05\/capa-1.png\",\"contentUrl\":\"http:\/\/simats.cat\/wp-content\/uploads\/2025\/05\/capa-1.png\",\"width\":200,\"height\":208,\"caption\":\"Simats\"},\"image\":{\"@id\":\"http:\/\/simats.cat\/es\/#\/schema\/logo\/image\/\"}}]}<\/script>\n<!-- \/ Yoast SEO plugin. -->","yoast_head_json":{"title":"Cookies - Simats","robots":{"index":"index","follow":"follow","max-snippet":"max-snippet:-1","max-image-preview":"max-image-preview:large","max-video-preview":"max-video-preview:-1"},"canonical":"http:\/\/simats.cat\/es\/cookies\/","og_locale":"es_ES","og_type":"article","og_title":"Cookies - Simats","og_description":"Pol\u00edtica de cookies \u00bfQu\u00e9 son las cookies?Las cookies son peque\u00f1os archivos de datos que se descargan en el dispositivo del [&hellip;]","og_url":"http:\/\/simats.cat\/es\/cookies\/","og_site_name":"Simats","article_modified_time":"2025-05-30T07:51:27+00:00","twitter_card":"summary_large_image","twitter_misc":{"Tiempo de lectura":"1 minuto"},"schema":{"@context":"https:\/\/schema.org","@graph":[{"@type":"WebPage","@id":"http:\/\/simats.cat\/es\/cookies\/","url":"http:\/\/simats.cat\/es\/cookies\/","name":"Cookies - Simats","isPartOf":{"@id":"http:\/\/simats.cat\/es\/#website"},"datePublished":"2025-05-22T07:20:58+00:00","dateModified":"2025-05-30T07:51:27+00:00","breadcrumb":{"@id":"http:\/\/simats.cat\/es\/cookies\/#breadcrumb"},"inLanguage":"es","potentialAction":[{"@type":"ReadAction","target":["http:\/\/simats.cat\/es\/cookies\/"]}]},{"@type":"BreadcrumbList","@id":"http:\/\/simats.cat\/es\/cookies\/#breadcrumb","itemListElement":[{"@type":"ListItem","position":1,"name":"Inici","item":"http:\/\/simats.cat\/es\/"},{"@type":"ListItem","position":2,"name":"Cookies"}]},{"@type":"WebSite","@id":"http:\/\/simats.cat\/es\/#website","url":"http:\/\/simats.cat\/es\/","name":"Simats","description":"","publisher":{"@id":"http:\/\/simats.cat\/es\/#organization"},"potentialAction":[{"@type":"SearchAction","target":{"@type":"EntryPoint","urlTemplate":"http:\/\/simats.cat\/es\/?s={search_term_string}"},"query-input":{"@type":"PropertyValueSpecification","valueRequired":true,"valueName":"search_term_string"}}],"inLanguage":"es"},{"@type":"Organization","@id":"http:\/\/simats.cat\/es\/#organization","name":"Simats","url":"http:\/\/simats.cat\/es\/","logo":{"@type":"ImageObject","inLanguage":"es","@id":"http:\/\/simats.cat\/es\/#\/schema\/logo\/image\/","url":"http:\/\/simats.cat\/wp-content\/uploads\/2025\/05\/capa-1.png","contentUrl":"http:\/\/simats.cat\/wp-content\/uploads\/2025\/05\/capa-1.png","width":200,"height":208,"caption":"Simats"},"image":{"@id":"http:\/\/simats.cat\/es\/#\/schema\/logo\/image\/"}}]}},"uagb_featured_image_src":{"full":false,"thumbnail":false,"medium":false,"medium_large":false,"large":false,"1536x1536":false,"2048x2048":false},"uagb_author_info":{"display_name":"nordkat_admin","author_link":"http:\/\/simats.cat\/es\/author\/nordkat_admin\/"},"uagb_comment_info":0,"uagb_excerpt":"Pol\u00edtica de cookies \u00bfQu\u00e9 son las cookies?Las cookies son peque\u00f1os archivos de datos que se descargan en el dispositivo del [&hellip;]","_links":{"self":[{"href":"http:\/\/simats.cat\/es\/wp-json\/wp\/v2\/pages\/150","targetHints":{"allow":["GET"]}}],"collection":[{"href":"http:\/\/simats.cat\/es\/wp-json\/wp\/v2\/pages"}],"about":[{"href":"http:\/\/simats.cat\/es\/wp-json\/wp\/v2\/types\/page"}],"author":[{"embeddable":true,"href":"http:\/\/simats.cat\/es\/wp-json\/wp\/v2\/users\/1"}],"replies":[{"embeddable":true,"href":"http:\/\/simats.cat\/es\/wp-json\/wp\/v2\/comments?post=150"}],"version-history":[{"count":1,"href":"http:\/\/simats.cat\/es\/wp-json\/wp\/v2\/pages\/150\/revisions"}],"predecessor-version":[{"id":151,"href":"http:\/\/simats.cat\/es\/wp-json\/wp\/v2\/pages\/150\/revisions\/151"}],"wp:attachment":[{"href":"http:\/\/simats.cat\/es\/wp-json\/wp\/v2\/media?parent=150"}],"curies":[{"name":"wp","href":"https:\/\/api.w.org\/{rel}","templated":true}]}}