{"id":152,"date":"2025-05-22T09:20:47","date_gmt":"2025-05-22T07:20:47","guid":{"rendered":"https:\/\/simats.cat\/aviso-legal\/"},"modified":"2025-05-30T09:51:31","modified_gmt":"2025-05-30T07:51:31","slug":"aviso-legal","status":"publish","type":"page","link":"http:\/\/simats.cat\/es\/aviso-legal\/","title":{"rendered":"Aviso legal"},"content":{"rendered":"\n<div style=\"height:100px\" aria-hidden=\"true\" class=\"wp-block-spacer\"><\/div>\n\n<div class=\"wp-block-uagb-advanced-heading uagb-block-5390035c\"><h2 class=\"uagb-heading-text\">Aviso legal<\/h2><\/div>\n\n<p><br\/><strong>Titular del sitio web<\/strong><br\/> En cumplimiento con el deber de informaci\u00f3n recogido en el art\u00edculo 10 de la Ley 34\/2002, de 11 de julio, de servicios de la sociedad de la informaci\u00f3n y del comercio electr\u00f3nico (LSSICE), se informa que el sitio web simats.cat es titularidad de:<br\/><br\/><strong>Nombre de la titular: Gl\u00f2ria Duran Castell\u00f3<\/strong><br\/> NIF: 38864729L<br\/> Direcci\u00f3n: Casa Simats 14 (Berg\u00fas), 08261 Cardona, Barcelona, \u200b\u200bEspa\u00f1a<br\/> Correo electr\u00f3nico de contacto: gallinesboscanes@gmail.com<br\/><br\/><strong>Objeto<\/strong><br\/> El sitio web simats.cat tiene como finalidad ofrecer informaci\u00f3n sobre la actividad, productos y valores del proyecto ubicado en Casa Simats.<br\/><br\/><strong>Condiciones de uso<\/strong><br\/> El acceso y uso de este sitio web atribuyen la condici\u00f3n de usuario y comportan la aceptaci\u00f3n plena y sin reservas de todas las disposiciones incluidas en este Aviso Legal. El usuario se compromete a hacer un uso adecuado de los contenidos y servicios ofrecidos ya no utilizarlos para incurrir en actividades il\u00edcitas o contrarias a la buena fe y al orden p\u00fablico.<br\/><br\/><strong>Propiedad intelectual e industrial<\/strong><br\/> Todos los contenidos del sitio web, incluyendo textos, im\u00e1genes, dise\u00f1o gr\u00e1fico, c\u00f3digo fuente, marcas o logotipos, son titularidad de Gl\u00f2ria Duran Castell\u00f3 o tienen licencias correspondientes, y est\u00e1n protegidos por la legislaci\u00f3n sobre propiedad intelectual e industrial. Queda prohibida la reproducci\u00f3n total o parcial sin autorizaci\u00f3n expresa.<br\/><br\/><strong>Responsabilidad<\/strong><br\/> Gl\u00f2ria Duran Castell\u00f3 no se hace responsable de los da\u00f1os o perjuicios derivados de un mal uso de los contenidos del sitio web ni de posibles errores u omisiones en los contenidos.<br\/><br\/><strong>Enlaces externos<\/strong><br\/> Este sitio web puede contener enlaces a sitios externos. Gl\u00f2ria Duran Castell\u00f3 no se responsabiliza del contenido ni de las pol\u00edticas de privacidad de estos sitios.<br\/><strong><br\/>Modificaciones<\/strong><br\/> Gl\u00f2ria Duran Castell\u00f3 se reserva el derecho de modificar este Aviso Legal en cualquier momento, sin previo aviso, para adaptarlo a cambios legislativos oa la actividad del sitio web.<br\/><\/p>\n\n<div style=\"height:100px\" aria-hidden=\"true\" class=\"wp-block-spacer\"><\/div>\n\n<hr class=\"wp-block-separator has-alpha-channel-opacity\"\/>\n","protected":false},"excerpt":{"rendered":"<p>Aviso legal Titular del sitio web En cumplimiento con el deber de informaci\u00f3n recogido en el art\u00edculo 10 de la [&hellip;]<\/p>\n","protected":false},"author":1,"featured_media":0,"parent":0,"menu_order":6,"comment_status":"closed","ping_status":"closed","template":"","meta":{"_uag_custom_page_level_css":"","site-sidebar-layout":"default","site-content-layout":"","ast-site-content-layout":"","site-content-style":"default","site-sidebar-style":"default","ast-global-header-display":"","ast-banner-title-visibility":"","ast-main-header-display":"","ast-hfb-above-header-display":"","ast-hfb-below-header-display":"","ast-hfb-mobile-header-display":"","site-post-title":"","ast-breadcrumbs-content":"","ast-featured-img":"","footer-sml-layout":"","theme-transparent-header-meta":"","adv-header-id-meta":"","stick-header-meta":"","header-above-stick-meta":"","header-main-stick-meta":"","header-below-stick-meta":"","astra-migrate-meta-layouts":"default","ast-page-background-enabled":"default","ast-page-background-meta":{"desktop":{"background-color":"var(--ast-global-color-5)","background-image":"","background-repeat":"repeat","background-position":"center center","background-size":"auto","background-attachment":"scroll","background-type":"","background-media":"","overlay-type":"","overlay-color":"","overlay-opacity":"","overlay-gradient":""},"tablet":{"background-color":"","background-image":"","background-repeat":"repeat","background-position":"center center","background-size":"auto","background-attachment":"scroll","background-type":"","background-media":"","overlay-type":"","overlay-color":"","overlay-opacity":"","overlay-gradient":""},"mobile":{"background-color":"","background-image":"","background-repeat":"repeat","background-position":"center center","background-size":"auto","background-attachment":"scroll","background-type":"","background-media":"","overlay-type":"","overlay-color":"","overlay-opacity":"","overlay-gradient":""}},"ast-content-background-meta":{"desktop":{"background-color":"var(--ast-global-color-4)","background-image":"","background-repeat":"repeat","background-position":"center center","background-size":"auto","background-attachment":"scroll","background-type":"","background-media":"","overlay-type":"","overlay-color":"","overlay-opacity":"","overlay-gradient":""},"tablet":{"background-color":"var(--ast-global-color-4)","background-image":"","background-repeat":"repeat","background-position":"center center","background-size":"auto","background-attachment":"scroll","background-type":"","background-media":"","overlay-type":"","overlay-color":"","overlay-opacity":"","overlay-gradient":""},"mobile":{"background-color":"var(--ast-global-color-4)","background-image":"","background-repeat":"repeat","background-position":"center center","background-size":"auto","background-attachment":"scroll","background-type":"","background-media":"","overlay-type":"","overlay-color":"","overlay-opacity":"","overlay-gradient":""}},"footnotes":""},"class_list":["post-152","page","type-page","status-publish","hentry"],"yoast_head":"<!-- This site is optimized with the Yoast SEO plugin v25.2 - https:\/\/yoast.com\/wordpress\/plugins\/seo\/ -->\n<title>Aviso legal - Simats<\/title>\n<meta name=\"robots\" content=\"index, follow, max-snippet:-1, max-image-preview:large, max-video-preview:-1\" \/>\n<link rel=\"canonical\" href=\"http:\/\/simats.cat\/es\/aviso-legal\/\" \/>\n<meta property=\"og:locale\" content=\"es_ES\" \/>\n<meta property=\"og:type\" content=\"article\" \/>\n<meta property=\"og:title\" content=\"Aviso legal - Simats\" \/>\n<meta property=\"og:description\" content=\"Aviso legal Titular del sitio web En cumplimiento con el deber de informaci\u00f3n recogido en el art\u00edculo 10 de la [&hellip;]\" \/>\n<meta property=\"og:url\" content=\"http:\/\/simats.cat\/es\/aviso-legal\/\" \/>\n<meta property=\"og:site_name\" content=\"Simats\" \/>\n<meta property=\"article:modified_time\" content=\"2025-05-30T07:51:31+00:00\" \/>\n<meta name=\"twitter:card\" content=\"summary_large_image\" \/>\n<meta name=\"twitter:label1\" content=\"Tiempo de lectura\" \/>\n\t<meta name=\"twitter:data1\" content=\"2 minutos\" \/>\n<script type=\"application\/ld+json\" class=\"yoast-schema-graph\">{\"@context\":\"https:\/\/schema.org\",\"@graph\":[{\"@type\":\"WebPage\",\"@id\":\"http:\/\/simats.cat\/es\/aviso-legal\/\",\"url\":\"http:\/\/simats.cat\/es\/aviso-legal\/\",\"name\":\"Aviso legal - Simats\",\"isPartOf\":{\"@id\":\"http:\/\/simats.cat\/es\/#website\"},\"datePublished\":\"2025-05-22T07:20:47+00:00\",\"dateModified\":\"2025-05-30T07:51:31+00:00\",\"breadcrumb\":{\"@id\":\"http:\/\/simats.cat\/es\/aviso-legal\/#breadcrumb\"},\"inLanguage\":\"es\",\"potentialAction\":[{\"@type\":\"ReadAction\",\"target\":[\"http:\/\/simats.cat\/es\/aviso-legal\/\"]}]},{\"@type\":\"BreadcrumbList\",\"@id\":\"http:\/\/simats.cat\/es\/aviso-legal\/#breadcrumb\",\"itemListElement\":[{\"@type\":\"ListItem\",\"position\":1,\"name\":\"Inici\",\"item\":\"http:\/\/simats.cat\/es\/\"},{\"@type\":\"ListItem\",\"position\":2,\"name\":\"Aviso legal\"}]},{\"@type\":\"WebSite\",\"@id\":\"http:\/\/simats.cat\/es\/#website\",\"url\":\"http:\/\/simats.cat\/es\/\",\"name\":\"Simats\",\"description\":\"\",\"publisher\":{\"@id\":\"http:\/\/simats.cat\/es\/#organization\"},\"potentialAction\":[{\"@type\":\"SearchAction\",\"target\":{\"@type\":\"EntryPoint\",\"urlTemplate\":\"http:\/\/simats.cat\/es\/?s={search_term_string}\"},\"query-input\":{\"@type\":\"PropertyValueSpecification\",\"valueRequired\":true,\"valueName\":\"search_term_string\"}}],\"inLanguage\":\"es\"},{\"@type\":\"Organization\",\"@id\":\"http:\/\/simats.cat\/es\/#organization\",\"name\":\"Simats\",\"url\":\"http:\/\/simats.cat\/es\/\",\"logo\":{\"@type\":\"ImageObject\",\"inLanguage\":\"es\",\"@id\":\"http:\/\/simats.cat\/es\/#\/schema\/logo\/image\/\",\"url\":\"http:\/\/simats.cat\/wp-content\/uploads\/2025\/05\/capa-1.png\",\"contentUrl\":\"http:\/\/simats.cat\/wp-content\/uploads\/2025\/05\/capa-1.png\",\"width\":200,\"height\":208,\"caption\":\"Simats\"},\"image\":{\"@id\":\"http:\/\/simats.cat\/es\/#\/schema\/logo\/image\/\"}}]}<\/script>\n<!-- \/ Yoast SEO plugin. -->","yoast_head_json":{"title":"Aviso legal - Simats","robots":{"index":"index","follow":"follow","max-snippet":"max-snippet:-1","max-image-preview":"max-image-preview:large","max-video-preview":"max-video-preview:-1"},"canonical":"http:\/\/simats.cat\/es\/aviso-legal\/","og_locale":"es_ES","og_type":"article","og_title":"Aviso legal - Simats","og_description":"Aviso legal Titular del sitio web En cumplimiento con el deber de informaci\u00f3n recogido en el art\u00edculo 10 de la [&hellip;]","og_url":"http:\/\/simats.cat\/es\/aviso-legal\/","og_site_name":"Simats","article_modified_time":"2025-05-30T07:51:31+00:00","twitter_card":"summary_large_image","twitter_misc":{"Tiempo de lectura":"2 minutos"},"schema":{"@context":"https:\/\/schema.org","@graph":[{"@type":"WebPage","@id":"http:\/\/simats.cat\/es\/aviso-legal\/","url":"http:\/\/simats.cat\/es\/aviso-legal\/","name":"Aviso legal - Simats","isPartOf":{"@id":"http:\/\/simats.cat\/es\/#website"},"datePublished":"2025-05-22T07:20:47+00:00","dateModified":"2025-05-30T07:51:31+00:00","breadcrumb":{"@id":"http:\/\/simats.cat\/es\/aviso-legal\/#breadcrumb"},"inLanguage":"es","potentialAction":[{"@type":"ReadAction","target":["http:\/\/simats.cat\/es\/aviso-legal\/"]}]},{"@type":"BreadcrumbList","@id":"http:\/\/simats.cat\/es\/aviso-legal\/#breadcrumb","itemListElement":[{"@type":"ListItem","position":1,"name":"Inici","item":"http:\/\/simats.cat\/es\/"},{"@type":"ListItem","position":2,"name":"Aviso legal"}]},{"@type":"WebSite","@id":"http:\/\/simats.cat\/es\/#website","url":"http:\/\/simats.cat\/es\/","name":"Simats","description":"","publisher":{"@id":"http:\/\/simats.cat\/es\/#organization"},"potentialAction":[{"@type":"SearchAction","target":{"@type":"EntryPoint","urlTemplate":"http:\/\/simats.cat\/es\/?s={search_term_string}"},"query-input":{"@type":"PropertyValueSpecification","valueRequired":true,"valueName":"search_term_string"}}],"inLanguage":"es"},{"@type":"Organization","@id":"http:\/\/simats.cat\/es\/#organization","name":"Simats","url":"http:\/\/simats.cat\/es\/","logo":{"@type":"ImageObject","inLanguage":"es","@id":"http:\/\/simats.cat\/es\/#\/schema\/logo\/image\/","url":"http:\/\/simats.cat\/wp-content\/uploads\/2025\/05\/capa-1.png","contentUrl":"http:\/\/simats.cat\/wp-content\/uploads\/2025\/05\/capa-1.png","width":200,"height":208,"caption":"Simats"},"image":{"@id":"http:\/\/simats.cat\/es\/#\/schema\/logo\/image\/"}}]}},"uagb_featured_image_src":{"full":false,"thumbnail":false,"medium":false,"medium_large":false,"large":false,"1536x1536":false,"2048x2048":false},"uagb_author_info":{"display_name":"nordkat_admin","author_link":"http:\/\/simats.cat\/es\/author\/nordkat_admin\/"},"uagb_comment_info":0,"uagb_excerpt":"Aviso legal Titular del sitio web En cumplimiento con el deber de informaci\u00f3n recogido en el art\u00edculo 10 de la [&hellip;]","_links":{"self":[{"href":"http:\/\/simats.cat\/es\/wp-json\/wp\/v2\/pages\/152","targetHints":{"allow":["GET"]}}],"collection":[{"href":"http:\/\/simats.cat\/es\/wp-json\/wp\/v2\/pages"}],"about":[{"href":"http:\/\/simats.cat\/es\/wp-json\/wp\/v2\/types\/page"}],"author":[{"embeddable":true,"href":"http:\/\/simats.cat\/es\/wp-json\/wp\/v2\/users\/1"}],"replies":[{"embeddable":true,"href":"http:\/\/simats.cat\/es\/wp-json\/wp\/v2\/comments?post=152"}],"version-history":[{"count":1,"href":"http:\/\/simats.cat\/es\/wp-json\/wp\/v2\/pages\/152\/revisions"}],"predecessor-version":[{"id":153,"href":"http:\/\/simats.cat\/es\/wp-json\/wp\/v2\/pages\/152\/revisions\/153"}],"wp:attachment":[{"href":"http:\/\/simats.cat\/es\/wp-json\/wp\/v2\/media?parent=152"}],"curies":[{"name":"wp","href":"https:\/\/api.w.org\/{rel}","templated":true}]}}