{"id":154,"date":"2025-05-22T09:15:42","date_gmt":"2025-05-22T07:15:42","guid":{"rendered":"https:\/\/simats.cat\/contacto\/"},"modified":"2025-11-06T12:42:52","modified_gmt":"2025-11-06T10:42:52","slug":"contacto","status":"publish","type":"page","link":"http:\/\/simats.cat\/es\/contacto\/","title":{"rendered":"Contacto"},"content":{"rendered":"\n<div class=\"wp-block-uagb-container uagb-block-307270f9 alignfull uagb-is-root-container\"><div class=\"uagb-container-inner-blocks-wrap\">\n<div class=\"wp-block-uagb-advanced-heading uagb-block-9edc06b4\"><\/div>\n<\/div><\/div>\n\n\n\n<div class=\"wp-block-uagb-container uagb-block-82e4fdbe alignfull uagb-is-root-container\"><div class=\"uagb-container-inner-blocks-wrap\">\n<div class=\"wp-block-columns is-layout-flex wp-container-core-columns-is-layout-28f84493 wp-block-columns-is-layout-flex\">\n<div class=\"wp-block-column is-layout-flow wp-block-column-is-layout-flow\">\n<h2 class=\"wp-block-heading\">Contacto<\/h2>\n\n\n\n<p class=\"has-ast-global-color-2-color has-text-color\">Escr\u00edbenos un correo electr\u00f3nico<br> o cont\u00e1ctanos por Whatssapp.<\/p>\n\n\n\n<p class=\"has-ast-global-color-2-color has-text-color\"><\/p>\n\n\n\n<p class=\"has-ast-global-color-2-color has-text-color\">Casa Simats<br> Cardona \u00b7 08261<br> Catalu\u00f1a, Spain<\/p>\n\n\n\n<p class=\"has-ast-global-color-2-color has-text-color\"><\/p>\n\n\n\n<p class=\"has-ast-global-color-2-color has-text-color\"><strong>M.<\/strong> 621 41 07 32<br><br>info@simats.cat<br> @simats.eco<\/p>\n<\/div>\n\n\n\n<div class=\"wp-block-column is-layout-flow wp-block-column-is-layout-flow\">\n<div class=\"wp-block-uagb-forms uagb-forms__outer-wrap uagb-block-79af20fa uagb-forms__medium-btn\"><form class=\"uagb-forms-main-form\" method=\"post\" autocomplete=\"on\" name=\"uagb-form-79af20fa\">\n<div class=\"wp-block-uagb-forms-name uagb-forms-name-wrap uagb-forms-field-set uagb-block-da572a42\"><div class=\"uagb-forms-name-label required uagb-forms-input-label\" id=\"da572a42\">First Name<\/div><input type=\"text\" placeholder=\"Nom\" required class=\"uagb-forms-name-input uagb-forms-input\" name=\"da572a42\" autocomplete=\"given-name\"\/><\/div>\n\n\n\n<div class=\"wp-block-uagb-forms-name uagb-forms-name-wrap uagb-forms-field-set uagb-block-4eb42506\"><div class=\"uagb-forms-name-label required uagb-forms-input-label\" id=\"4eb42506\">Last Name<\/div><input type=\"text\" placeholder=\"Cognoms\" required class=\"uagb-forms-name-input uagb-forms-input\" name=\"4eb42506\" autocomplete=\"family-name\"\/><\/div>\n\n\n\n<div class=\"wp-block-uagb-forms-name uagb-forms-name-wrap uagb-forms-field-set uagb-block-ad0fc98c\"><div class=\"uagb-forms-name-label required uagb-forms-input-label\" id=\"ad0fc98c\">Last Name<\/div><input type=\"text\" placeholder=\"Cognoms\" required class=\"uagb-forms-name-input uagb-forms-input\" name=\"ad0fc98c\" autocomplete=\"family-name\"\/><\/div>\n\n\n\n<div class=\"wp-block-uagb-forms-email uagb-forms-email-wrap uagb-forms-field-set uagb-block-5a763f4e\"><div class=\"uagb-forms-email-label  uagb-forms-input-label\" id=\"5a763f4e\">Email<\/div><input type=\"email\" class=\"uagb-forms-email-input uagb-forms-input\" placeholder=\"example@mail.com\" name=\"5a763f4e\" autocomplete=\"email\"\/><\/div>\n\n\n\n<div class=\"wp-block-uagb-forms-textarea uagb-forms-textarea-wrap uagb-forms-field-set uagb-block-52d48648\"><div class=\"uagb-forms-textarea-label required uagb-forms-input-label\" id=\"52d48648\">Message<\/div><textarea required class=\"uagb-forms-textarea-input uagb-forms-input\" rows=\"4\" placeholder=\"Enter your message\" name=\"52d48648\" autocomplete=\"off\"><\/textarea><\/div>\n\n\n\n<div class=\"wp-block-uagb-forms-accept uagb-forms-accept-wrap uagb-forms-field-set uagb-block-9d758f51\"><div class=\"uagb-forms-accept-privacy-link\"><a href=\"https:\/\/simats.cat\/avis-legal\/\" target=\"_blank\" rel=\"noopener noreferrer\">Av\u00eds legal<\/a><\/div><input type=\"checkbox\" name=\"9d758f51\" required value=\"Agree\" class=\"uagb-forms-checkbox\" id=\"uagb-forms-accept-9d758f51\"\/><label name=\"9d758f51\" for=\"uagb-forms-accept-9d758f51\" class=\"uagb-forms-accept-label required\" id=\"9d758f51\">He llegit i accepto l&#8217;av\u00eds legal.<\/label><br\/><\/div>\n<div class=\"uagb-forms-form-hidden-data\"><input type=\"hidden\" class=\"uagb_forms_form_label\" value=\"Spectra Form\"\/><input type=\"hidden\" class=\"uagb_forms_form_id\" value=\"uagb-form-79af20fa\"\/><\/div><div class=\"uagb-form-reacaptcha-error-79af20fa\"><\/div><div class=\"uagb-forms-main-submit-button-wrap wp-block-button\"><button class=\"uagb-forms-main-submit-button wp-block-button__link\"><div class=\"uagb-forms-main-submit-button-text\">Enviar<\/div><\/button><\/div><\/form><div class=\"uagb-forms-success-message-79af20fa uagb-forms-submit-message-hide\"><span>El formulari s&#8217;ha enviat.<\/span><\/div><div class=\"uagb-forms-failed-message-79af20fa uagb-forms-submit-message-hide\"><span>Error al enviar el formulari.<\/span><\/div><\/div>\n<\/div>\n<\/div>\n<\/div><\/div>\n\n\n\n<p><\/p>\n","protected":false},"excerpt":{"rendered":"<p>Contacto Escr\u00edbenos un correo electr\u00f3nico o cont\u00e1ctanos por Whatssapp. Casa Simats Cardona \u00b7 08261 Catalu\u00f1a, Spain M. 621 41 07 [&hellip;]<\/p>\n","protected":false},"author":1,"featured_media":0,"parent":0,"menu_order":4,"comment_status":"closed","ping_status":"closed","template":"","meta":{"_uag_custom_page_level_css":"","site-sidebar-layout":"default","site-content-layout":"","ast-site-content-layout":"","site-content-style":"default","site-sidebar-style":"default","ast-global-header-display":"","ast-banner-title-visibility":"","ast-main-header-display":"","ast-hfb-above-header-display":"","ast-hfb-below-header-display":"","ast-hfb-mobile-header-display":"","site-post-title":"","ast-breadcrumbs-content":"","ast-featured-img":"","footer-sml-layout":"","theme-transparent-header-meta":"","adv-header-id-meta":"","stick-header-meta":"","header-above-stick-meta":"","header-main-stick-meta":"","header-below-stick-meta":"","astra-migrate-meta-layouts":"default","ast-page-background-enabled":"default","ast-page-background-meta":{"desktop":{"background-color":"var(--ast-global-color-5)","background-image":"","background-repeat":"repeat","background-position":"center center","background-size":"auto","background-attachment":"scroll","background-type":"","background-media":"","overlay-type":"","overlay-color":"","overlay-opacity":"","overlay-gradient":""},"tablet":{"background-color":"","background-image":"","background-repeat":"repeat","background-position":"center center","background-size":"auto","background-attachment":"scroll","background-type":"","background-media":"","overlay-type":"","overlay-color":"","overlay-opacity":"","overlay-gradient":""},"mobile":{"background-color":"","background-image":"","background-repeat":"repeat","background-position":"center center","background-size":"auto","background-attachment":"scroll","background-type":"","background-media":"","overlay-type":"","overlay-color":"","overlay-opacity":"","overlay-gradient":""}},"ast-content-background-meta":{"desktop":{"background-color":"var(--ast-global-color-4)","background-image":"","background-repeat":"repeat","background-position":"center center","background-size":"auto","background-attachment":"scroll","background-type":"","background-media":"","overlay-type":"","overlay-color":"","overlay-opacity":"","overlay-gradient":""},"tablet":{"background-color":"var(--ast-global-color-4)","background-image":"","background-repeat":"repeat","background-position":"center center","background-size":"auto","background-attachment":"scroll","background-type":"","background-media":"","overlay-type":"","overlay-color":"","overlay-opacity":"","overlay-gradient":""},"mobile":{"background-color":"var(--ast-global-color-4)","background-image":"","background-repeat":"repeat","background-position":"center center","background-size":"auto","background-attachment":"scroll","background-type":"","background-media":"","overlay-type":"","overlay-color":"","overlay-opacity":"","overlay-gradient":""}},"footnotes":""},"class_list":["post-154","page","type-page","status-publish","hentry"],"yoast_head":"<!-- This site is optimized with the Yoast SEO plugin v25.2 - https:\/\/yoast.com\/wordpress\/plugins\/seo\/ -->\n<title>Contacto - Simats<\/title>\n<meta name=\"robots\" content=\"index, follow, max-snippet:-1, max-image-preview:large, max-video-preview:-1\" \/>\n<link rel=\"canonical\" href=\"http:\/\/simats.cat\/es\/contacto\/\" \/>\n<meta property=\"og:locale\" content=\"es_ES\" \/>\n<meta property=\"og:type\" content=\"article\" \/>\n<meta property=\"og:title\" content=\"Contacto - Simats\" \/>\n<meta property=\"og:description\" content=\"Contacto Escr\u00edbenos un correo electr\u00f3nico o cont\u00e1ctanos por Whatssapp. Casa Simats Cardona \u00b7 08261 Catalu\u00f1a, Spain M. 621 41 07 [&hellip;]\" \/>\n<meta property=\"og:url\" content=\"http:\/\/simats.cat\/es\/contacto\/\" \/>\n<meta property=\"og:site_name\" content=\"Simats\" \/>\n<meta property=\"article:modified_time\" content=\"2025-11-06T10:42:52+00:00\" \/>\n<meta name=\"twitter:card\" content=\"summary_large_image\" \/>\n<meta name=\"twitter:label1\" content=\"Tiempo de lectura\" \/>\n\t<meta name=\"twitter:data1\" content=\"1 minuto\" \/>\n<script type=\"application\/ld+json\" class=\"yoast-schema-graph\">{\"@context\":\"https:\/\/schema.org\",\"@graph\":[{\"@type\":\"WebPage\",\"@id\":\"http:\/\/simats.cat\/es\/contacto\/\",\"url\":\"http:\/\/simats.cat\/es\/contacto\/\",\"name\":\"Contacto - Simats\",\"isPartOf\":{\"@id\":\"http:\/\/simats.cat\/es\/#website\"},\"datePublished\":\"2025-05-22T07:15:42+00:00\",\"dateModified\":\"2025-11-06T10:42:52+00:00\",\"breadcrumb\":{\"@id\":\"http:\/\/simats.cat\/es\/contacto\/#breadcrumb\"},\"inLanguage\":\"es\",\"potentialAction\":[{\"@type\":\"ReadAction\",\"target\":[\"http:\/\/simats.cat\/es\/contacto\/\"]}]},{\"@type\":\"BreadcrumbList\",\"@id\":\"http:\/\/simats.cat\/es\/contacto\/#breadcrumb\",\"itemListElement\":[{\"@type\":\"ListItem\",\"position\":1,\"name\":\"Inici\",\"item\":\"http:\/\/simats.cat\/es\/\"},{\"@type\":\"ListItem\",\"position\":2,\"name\":\"Contacto\"}]},{\"@type\":\"WebSite\",\"@id\":\"http:\/\/simats.cat\/es\/#website\",\"url\":\"http:\/\/simats.cat\/es\/\",\"name\":\"Simats\",\"description\":\"\",\"publisher\":{\"@id\":\"http:\/\/simats.cat\/es\/#organization\"},\"potentialAction\":[{\"@type\":\"SearchAction\",\"target\":{\"@type\":\"EntryPoint\",\"urlTemplate\":\"http:\/\/simats.cat\/es\/?s={search_term_string}\"},\"query-input\":{\"@type\":\"PropertyValueSpecification\",\"valueRequired\":true,\"valueName\":\"search_term_string\"}}],\"inLanguage\":\"es\"},{\"@type\":\"Organization\",\"@id\":\"http:\/\/simats.cat\/es\/#organization\",\"name\":\"Simats\",\"url\":\"http:\/\/simats.cat\/es\/\",\"logo\":{\"@type\":\"ImageObject\",\"inLanguage\":\"es\",\"@id\":\"http:\/\/simats.cat\/es\/#\/schema\/logo\/image\/\",\"url\":\"http:\/\/simats.cat\/wp-content\/uploads\/2025\/05\/capa-1.png\",\"contentUrl\":\"http:\/\/simats.cat\/wp-content\/uploads\/2025\/05\/capa-1.png\",\"width\":200,\"height\":208,\"caption\":\"Simats\"},\"image\":{\"@id\":\"http:\/\/simats.cat\/es\/#\/schema\/logo\/image\/\"}}]}<\/script>\n<!-- \/ Yoast SEO plugin. -->","yoast_head_json":{"title":"Contacto - Simats","robots":{"index":"index","follow":"follow","max-snippet":"max-snippet:-1","max-image-preview":"max-image-preview:large","max-video-preview":"max-video-preview:-1"},"canonical":"http:\/\/simats.cat\/es\/contacto\/","og_locale":"es_ES","og_type":"article","og_title":"Contacto - Simats","og_description":"Contacto Escr\u00edbenos un correo electr\u00f3nico o cont\u00e1ctanos por Whatssapp. Casa Simats Cardona \u00b7 08261 Catalu\u00f1a, Spain M. 621 41 07 [&hellip;]","og_url":"http:\/\/simats.cat\/es\/contacto\/","og_site_name":"Simats","article_modified_time":"2025-11-06T10:42:52+00:00","twitter_card":"summary_large_image","twitter_misc":{"Tiempo de lectura":"1 minuto"},"schema":{"@context":"https:\/\/schema.org","@graph":[{"@type":"WebPage","@id":"http:\/\/simats.cat\/es\/contacto\/","url":"http:\/\/simats.cat\/es\/contacto\/","name":"Contacto - Simats","isPartOf":{"@id":"http:\/\/simats.cat\/es\/#website"},"datePublished":"2025-05-22T07:15:42+00:00","dateModified":"2025-11-06T10:42:52+00:00","breadcrumb":{"@id":"http:\/\/simats.cat\/es\/contacto\/#breadcrumb"},"inLanguage":"es","potentialAction":[{"@type":"ReadAction","target":["http:\/\/simats.cat\/es\/contacto\/"]}]},{"@type":"BreadcrumbList","@id":"http:\/\/simats.cat\/es\/contacto\/#breadcrumb","itemListElement":[{"@type":"ListItem","position":1,"name":"Inici","item":"http:\/\/simats.cat\/es\/"},{"@type":"ListItem","position":2,"name":"Contacto"}]},{"@type":"WebSite","@id":"http:\/\/simats.cat\/es\/#website","url":"http:\/\/simats.cat\/es\/","name":"Simats","description":"","publisher":{"@id":"http:\/\/simats.cat\/es\/#organization"},"potentialAction":[{"@type":"SearchAction","target":{"@type":"EntryPoint","urlTemplate":"http:\/\/simats.cat\/es\/?s={search_term_string}"},"query-input":{"@type":"PropertyValueSpecification","valueRequired":true,"valueName":"search_term_string"}}],"inLanguage":"es"},{"@type":"Organization","@id":"http:\/\/simats.cat\/es\/#organization","name":"Simats","url":"http:\/\/simats.cat\/es\/","logo":{"@type":"ImageObject","inLanguage":"es","@id":"http:\/\/simats.cat\/es\/#\/schema\/logo\/image\/","url":"http:\/\/simats.cat\/wp-content\/uploads\/2025\/05\/capa-1.png","contentUrl":"http:\/\/simats.cat\/wp-content\/uploads\/2025\/05\/capa-1.png","width":200,"height":208,"caption":"Simats"},"image":{"@id":"http:\/\/simats.cat\/es\/#\/schema\/logo\/image\/"}}]}},"uagb_featured_image_src":{"full":false,"thumbnail":false,"medium":false,"medium_large":false,"large":false,"1536x1536":false,"2048x2048":false},"uagb_author_info":{"display_name":"nordkat_admin","author_link":"http:\/\/simats.cat\/es\/author\/nordkat_admin\/"},"uagb_comment_info":0,"uagb_excerpt":"Contacto Escr\u00edbenos un correo electr\u00f3nico o cont\u00e1ctanos por Whatssapp. Casa Simats Cardona \u00b7 08261 Catalu\u00f1a, Spain M. 621 41 07 [&hellip;]","_links":{"self":[{"href":"http:\/\/simats.cat\/es\/wp-json\/wp\/v2\/pages\/154","targetHints":{"allow":["GET"]}}],"collection":[{"href":"http:\/\/simats.cat\/es\/wp-json\/wp\/v2\/pages"}],"about":[{"href":"http:\/\/simats.cat\/es\/wp-json\/wp\/v2\/types\/page"}],"author":[{"embeddable":true,"href":"http:\/\/simats.cat\/es\/wp-json\/wp\/v2\/users\/1"}],"replies":[{"embeddable":true,"href":"http:\/\/simats.cat\/es\/wp-json\/wp\/v2\/comments?post=154"}],"version-history":[{"count":2,"href":"http:\/\/simats.cat\/es\/wp-json\/wp\/v2\/pages\/154\/revisions"}],"predecessor-version":[{"id":258,"href":"http:\/\/simats.cat\/es\/wp-json\/wp\/v2\/pages\/154\/revisions\/258"}],"wp:attachment":[{"href":"http:\/\/simats.cat\/es\/wp-json\/wp\/v2\/media?parent=154"}],"curies":[{"name":"wp","href":"https:\/\/api.w.org\/{rel}","templated":true}]}}